{"id":574,"date":"2023-10-22T15:28:54","date_gmt":"2023-10-22T13:28:54","guid":{"rendered":"https:\/\/prodart.org\/index.php\/imprint\/"},"modified":"2024-01-30T20:13:27","modified_gmt":"2024-01-30T19:13:27","slug":"imprint","status":"publish","type":"page","link":"https:\/\/prodart.org\/en\/imprint\/","title":{"rendered":"Imprint"},"content":{"rendered":"<h4 class=\"font_4 wixui-rich-text__text\"><span class=\"wixui-rich-text__text\">INFORMATION ACCORDING TO \u00a7 5 TM<\/span><\/h4>\n<p class=\"font_8 wixui-rich-text__text\">Fabi\u00e1n Aimar<\/p>\n<p class=\"font_8 wixui-rich-text__text\">Prod\u00c0rt e.V.<\/p>\n<p class=\"font_8 wixui-rich-text__text\">Alfelder Strasse 19<\/p>\n<p class=\"font_8 wixui-rich-text__text\">28207 Bremen<\/p>\n<h4 class=\"font_4 wixui-rich-text__text\"><span class=\"wixui-rich-text__text\">CONTACT<\/span><\/h4>\n<p class=\"font_8 wixui-rich-text__text\">E-Mail: <a class=\"wixui-rich-text__text\" href=\"mailto:fa@fabianaimar.com\" data-auto-recognition=\"true\">fa@fabianaimar.com<\/a><\/p>\n<h4 class=\"font_4 wixui-rich-text__text\"><span class=\"wixui-rich-text__text\">CONCEPT &amp; DESIGN<\/span><\/h4>\n<p class=\"font_8 wixui-rich-text__text\">G\u00fcnther Grollitsch<\/p>\n<p class=\"font_8 wixui-rich-text__text\">Prod\u00c0rt e.V.<\/p>\n<p class=\"font_8 wixui-rich-text__text\">Alfelder Strasse 19<\/p>\n<p class=\"font_8 wixui-rich-text__text\">28207 Bremen<\/p>\n<h4 class=\"font_4 wixui-rich-text__text\"><span class=\"wixui-rich-text__text\">Register of associations:<\/span><\/h4>\n<p class=\"font_8 wixui-rich-text__text\">VR 8370 HB<br class=\"wixui-rich-text__text\">Register court: Bremen Local Court<br class=\"wixui-rich-text__text\">Authorized representative board: G\u00fcnther Grollitsch, Bergitt Laubert, Markus Hoft<br class=\"wixui-rich-text__text\">Tax number: 60 145 10255<\/p>\n<h4 class=\"font_4 wixui-rich-text__text\"><span class=\"wixui-rich-text__text\">RESPONSIBLE FOR THE CONTENT ACCORDING TO \u00a7 55 ABS. 2 RSTV<\/span><\/h4>\n<p class=\"font_8 wixui-rich-text__text\">Fabi\u00e1n Aimar<\/p>\n<p class=\"font_8 wixui-rich-text__text\">Prod\u00c0rt e.V.<\/p>\n<p class=\"font_8 wixui-rich-text__text\">Alfelder Strasse 19<\/p>\n<p class=\"font_8 wixui-rich-text__text\">28207 Bremen<\/p>\n<h4 class=\"font_4 wixui-rich-text__text\"><span class=\"wixui-rich-text__text\">PICTURE REFERENCES<\/span><\/h4>\n<p class=\"font_8 wixui-rich-text__text\"><a class=\"wixui-rich-text__text\" href=\"http:\/\/www.danielabuchholz.de\/\" target=\"_blank\" rel=\"noreferrer noopener\">Der Eint\u00e4nzer und Buntgemischt: <span class=\"wixui-rich-text__text\">Daniela Buchholz<\/span><\/a><br class=\"wixui-rich-text__text\">Jose Galan, G\u00fcnther Grollitsch, Solveig Riedel: privat<br class=\"wixui-rich-text__text\">Markus Hoft: Norbert M\u00fcller<br class=\"wixui-rich-text__text\">Mikel Aristegui: Daniel Pittet<\/p>\n","protected":false},"excerpt":{"rendered":"<p>INFORMATION ACCORDING TO \u00a7 5 TM Fabi\u00e1n Aimar Prod\u00c0rt e.V. Alfelder Strasse 19 28207 Bremen CONTACT E-Mail: fa@fabianaimar.com CONCEPT &amp; DESIGN G\u00fcnther Grollitsch Prod\u00c0rt e.V. Alfelder Strasse 19 28207 Bremen Register of associations: VR 8370 HBRegister court: Bremen Local CourtAuthorized representative board: G\u00fcnther Grollitsch, Bergitt Laubert, Markus HoftTax number: 60 145 10255 RESPONSIBLE FOR THE [&hellip;]<\/p>\n","protected":false},"author":1,"featured_media":0,"parent":0,"menu_order":0,"comment_status":"closed","ping_status":"closed","template":"","meta":{"footnotes":""},"class_list":["post-574","page","type-page","status-publish","hentry"],"_links":{"self":[{"href":"https:\/\/prodart.org\/en\/wp-json\/wp\/v2\/pages\/574","targetHints":{"allow":["GET"]}}],"collection":[{"href":"https:\/\/prodart.org\/en\/wp-json\/wp\/v2\/pages"}],"about":[{"href":"https:\/\/prodart.org\/en\/wp-json\/wp\/v2\/types\/page"}],"author":[{"embeddable":true,"href":"https:\/\/prodart.org\/en\/wp-json\/wp\/v2\/users\/1"}],"replies":[{"embeddable":true,"href":"https:\/\/prodart.org\/en\/wp-json\/wp\/v2\/comments?post=574"}],"version-history":[{"count":2,"href":"https:\/\/prodart.org\/en\/wp-json\/wp\/v2\/pages\/574\/revisions"}],"predecessor-version":[{"id":577,"href":"https:\/\/prodart.org\/en\/wp-json\/wp\/v2\/pages\/574\/revisions\/577"}],"wp:attachment":[{"href":"https:\/\/prodart.org\/en\/wp-json\/wp\/v2\/media?parent=574"}],"curies":[{"name":"wp","href":"https:\/\/api.w.org\/{rel}","templated":true}]}}