{"id":948,"date":"2023-09-15T12:15:03","date_gmt":"2023-09-15T10:15:03","guid":{"rendered":"https:\/\/prodart.org\/ueber-uns\/"},"modified":"2025-02-01T13:23:34","modified_gmt":"2025-02-01T12:23:34","slug":"ueber-uns","status":"publish","type":"page","link":"https:\/\/prodart.org\/es-de\/ueber-uns\/","title":{"rendered":"\u00dcber uns"},"content":{"rendered":"<h2>Ziele<\/h2>\n<p>Prod\u00c1rt e.V. ist ein Verein von Menschen, die sich f\u00fcrs Tanzen und Theaterspielen engagieren.<br \/>\nDazu kommen auch Menschen, die Kunst f\u00fcr digitale Medien schaffen. Der Verein ist auch f\u00fcr Personen, die an diesen Kunstformen interessiert sind.<br \/>\nProd\u00c1rt ist offen f\u00fcr Menschen mit und ohne Behinderung. Das Ziel von Prod\u00c1rt ist es, Kunstschaffende aller genannten Richtungen zusammenzubringen.<br \/>\nDurch diese Vernetzung sollen vielf\u00e4ltige Prozesse in Gang gesetzt werden.<br \/>\nAus diesen Prozessen sollen die unterschiedlichsten Kunstformen entstehen. So bunt wie m\u00f6glich und so unterschiedlich wie m\u00f6glich. Auch die Menschen, die beteiligt sind, sollen auch ganz unterschiedlich sein. Sie haben verschiedene Interessen und F\u00e4higkeiten.<br \/>\nSie kommen aus den unterschiedlichsten Lebensumst\u00e4nden und haben unterschiedliche kulturelle Wurzeln. Sie sind behindert und nicht behindert .<br \/>\n&nbsp;<\/p>\n<h3>Kurz:<\/h3>\n<p>Die Menschen sind ganz unterschiedlich in ihrer pers\u00f6nlichen Geschichte. Sie alle kommen zusammen, um gemeinsam etwas Neues zu schaffen. In einem gemeinsamen k\u00fcnstlerischen Prozess entstehen neue Forschungsergebnisse. Diese Ergebnisse werden ausgewertet und aus ihnen soll dann neue Kunst entstehen. Vielfalt der Menschen ist f\u00fcr eine kreative Kunst wichtig. Wir wollen diese Vielfalt wann und wo immer es geht st\u00e4rken.<br \/>\nProd\u00c1rt m\u00f6chte etwas Positives f\u00fcr ein gemeinsames Leben, Lernen und Arbeiten tun.<br \/>\nWir konzentrieren uns auf eine gleichberechtigte Teilnahme aller Menschen am k\u00fcnstlerischen Schaffen. Wir verstehen Vielfalt als Leitbild f\u00fcr gesellschaftliches und individuelles Handeln. Vielfalt fordert nicht die Anpassung des Einzelnen.<br \/>\nSie f\u00f6rdert die \u00d6ffnung der Gesellschaft. Jeder Mensch ist aufgrund seiner individuellen Eigenschaften und F\u00e4higkeiten wertvoll! ProdArt e.V. ist Mitglied beim Parit\u00e4tischen Wohlfahrtsverband.<br \/>\nWenn Interesse besteht ProdArt zu unterst\u00fctzen oder an einem Projekt Teil zu nehmen dann bitten wir um eine e-mail an <a href=\"mailto:fa@fabianaimar.com\">fa@fabianaimar.com<\/a><br \/>\n&nbsp;<br \/>\n&nbsp;<br \/>\n&nbsp;<br \/>\n&nbsp;<br \/>\n&nbsp;<br \/>\n&nbsp;<br \/>\n&nbsp;<\/p>\n","protected":false},"excerpt":{"rendered":"<p>Ziele Prod\u00c1rt e.V. ist ein Verein von Menschen, die sich f\u00fcrs Tanzen und Theaterspielen engagieren. Dazu kommen auch Menschen, die Kunst f\u00fcr digitale Medien schaffen. Der Verein ist auch f\u00fcr Personen, die an diesen Kunstformen interessiert sind. Prod\u00c1rt ist offen f\u00fcr Menschen mit und ohne Behinderung. Das Ziel von Prod\u00c1rt ist es, Kunstschaffende aller genannten [&hellip;]<\/p>\n","protected":false},"author":1,"featured_media":0,"parent":0,"menu_order":0,"comment_status":"closed","ping_status":"closed","template":"","meta":{"footnotes":""},"class_list":["post-948","page","type-page","status-publish","hentry"],"_links":{"self":[{"href":"https:\/\/prodart.org\/es-de\/wp-json\/wp\/v2\/pages\/948","targetHints":{"allow":["GET"]}}],"collection":[{"href":"https:\/\/prodart.org\/es-de\/wp-json\/wp\/v2\/pages"}],"about":[{"href":"https:\/\/prodart.org\/es-de\/wp-json\/wp\/v2\/types\/page"}],"author":[{"embeddable":true,"href":"https:\/\/prodart.org\/es-de\/wp-json\/wp\/v2\/users\/1"}],"replies":[{"embeddable":true,"href":"https:\/\/prodart.org\/es-de\/wp-json\/wp\/v2\/comments?post=948"}],"version-history":[{"count":5,"href":"https:\/\/prodart.org\/es-de\/wp-json\/wp\/v2\/pages\/948\/revisions"}],"predecessor-version":[{"id":973,"href":"https:\/\/prodart.org\/es-de\/wp-json\/wp\/v2\/pages\/948\/revisions\/973"}],"wp:attachment":[{"href":"https:\/\/prodart.org\/es-de\/wp-json\/wp\/v2\/media?parent=948"}],"curies":[{"name":"wp","href":"https:\/\/api.w.org\/{rel}","templated":true}]}}